{"id":2581,"date":"2023-03-09T14:33:12","date_gmt":"2023-03-09T11:33:12","guid":{"rendered":"https:\/\/canhurda.com.tr\/?page_id=2581"},"modified":"2023-03-09T14:40:15","modified_gmt":"2023-03-09T11:40:15","slug":"mersin-hurda-aluminyum-alimi","status":"publish","type":"page","link":"https:\/\/canhurda.com.tr\/index.php\/mersin-hurda-aluminyum-alimi\/","title":{"rendered":"Hurda Al\u00fcminyum Al\u0131m\u0131"},"content":{"rendered":"\t\t<div data-elementor-type=\"wp-page\" data-elementor-id=\"2581\" class=\"elementor elementor-2581\">\n\t\t\t\t\t\t\t\t\t<section class=\"elementor-section elementor-top-section elementor-element elementor-element-58b6c416 elementor-section-full_width elementor-hidden-desktop elementor-hidden-tablet elementor-hidden-phone elementor-section-height-default elementor-section-height-default\" data-id=\"58b6c416\" data-element_type=\"section\">\n\t\t\t\t\t\t<div class=\"elementor-container elementor-column-gap-no\">\n\t\t\t\t\t<div class=\"elementor-column elementor-col-100 elementor-top-column elementor-element elementor-element-39224f02\" data-id=\"39224f02\" data-element_type=\"column\">\n\t\t\t<div class=\"elementor-widget-wrap elementor-element-populated\">\n\t\t\t\t\t\t\t\t<div class=\"elementor-element elementor-element-3d10507a elementor-widget elementor-widget-ucaddon_aboutussection\" data-id=\"3d10507a\" data-element_type=\"widget\" data-widget_type=\"ucaddon_aboutussection.default\">\n\t\t\t\t<div class=\"elementor-widget-container\">\n\t\t\t<!-- start About Us Section -->\n\t\t\t<style type=\"text\/css\">\/* widget: About Us Section *\/\n\n.about-section {\n  \tbackground-color: #FFFFFF;\n}\n.about-section::before {\n  background-image: url(https:\/\/canhurda.com.tr\/wp-content\/plugins\/unlimited-elements-for-elementor\/images\/placeholder.png);\n}\n\n\n<\/style>\n\n\t\t\t<!-- Start of about section\n============================================= -->\n<section id=\"about\" class=\"about-section\">\n  <div class=\"container\">\n    <div class=\"about-content\">\n      <div class=\"row\">\n        <div class=\"col-lg-6 col-md-12\">\n          <div class=\"about-text\">\n            <div class=\"section-title-left\">\n              <span class=\"title-tag\"><img decoding=\"async\" src=\"\/wp-content\/themes\/eltron\/assets\/icon\/icon5.svg\" alt=\"\">Who We Are<\/span>\n              <h2>Use Natural Resources Integrated Services And Solutions For Industry<\/h2>\n            <\/div>\n            <!-- title -->\n            <div class=\"about-content pera-content\">\n              <div class=\"about-text1\">\n                <p>\n\t\t\t\t\t\t\t\t\t\tAt dolore magna aliqua enim veniam quis nostrud minim exercitation\n\t\t\t\t\t\t\t\t\t\tulamco aliquip exa commodo consequat duis aute irure dolor reprehen derit voluptate cillum dole afugiat nula pariatur vitae.\n\t\t\t\t\t\t\t\t\t<\/p>\n\n\t\t\t\t\t\t\t\t\t<p>\n\t\t\t\t\t\t\t\t\t\tSagittis dia facilisis convalis dictumst sed ipsum tempore. Excepteur sint occaecat aidata non proident qu officia deserunt mollit anim. Sagittis dia facilisis convalis dictumst sed ipsum tempore.\n\t\t\t\t\t\t\t\t\t<\/p>\n              <\/div>\n                                          <div class=\"about-btn text-uppercase\">\n                <a class=\"video_box\" href=\"Https:\/\/www.youtube.com\/watch?v=xKxrkht7CpY\">\n                  <i class='fas fa-play-circle'><\/i>\n                  <span>How we generate energy<\/span>\n                <\/a>\n              <\/div>\n                          <\/div>\n          <\/div>\n        <\/div>\n        <div class=\"col-lg-6 col-md-12\">\n          <div class=\"about-img clearfix\">\n            <div class=\"abt-img-set\" >\n              <img decoding=\"async\" class=\"small1\" src=\"https:\/\/canhurda.com.tr\/wp-content\/uploads\/2020\/08\/ab1.jpg\" alt=\"\">\n            <\/div>\n            <div class=\"abt-img-set\" >\n              <img decoding=\"async\" class=\"small2\" src=\"https:\/\/canhurda.com.tr\/wp-content\/uploads\/2020\/07\/586163548-Image-of-the-renewable-energy.jpg\" alt=\"\">\n            <\/div>\n            <div class=\"abt-img-set\" >\n              <img decoding=\"async\" class=\"small3\" src=\"https:\/\/canhurda.com.tr\/wp-content\/uploads\/2020\/07\/energy2-1.jpg\" alt=\"\">\n            <\/div>\n          <\/div>\n        <\/div>\n      <\/div>\n    <\/div>\n  <\/div>\n<\/section>\n<!-- End of about section\n============================================= -->\n\t\t\t<!-- end About Us Section -->\t\t<\/div>\n\t\t\t\t<\/div>\n\t\t\t\t\t<\/div>\n\t\t<\/div>\n\t\t\t\t\t\t\t<\/div>\n\t\t<\/section>\n\t\t\t\t<section class=\"elementor-section elementor-top-section elementor-element elementor-element-273a9756 elementor-section-full_width elementor-section-height-default elementor-section-height-default\" data-id=\"273a9756\" data-element_type=\"section\">\n\t\t\t\t\t\t<div class=\"elementor-container elementor-column-gap-no\">\n\t\t\t\t\t<div class=\"elementor-column elementor-col-100 elementor-top-column elementor-element elementor-element-29ccb4a6\" data-id=\"29ccb4a6\" data-element_type=\"column\">\n\t\t\t<div class=\"elementor-widget-wrap elementor-element-populated\">\n\t\t\t\t\t\t\t\t<div class=\"elementor-element elementor-element-5fe3947b elementor-widget elementor-widget-ucaddon_aboutussection2\" data-id=\"5fe3947b\" data-element_type=\"widget\" data-widget_type=\"ucaddon_aboutussection2.default\">\n\t\t\t\t<div class=\"elementor-widget-container\">\n\t\t\t<!-- start About Us 2 Section -->\n\t\t\t<style type=\"text\/css\">\/* widget: About Us 2 Section *\/\n\n.about-section {\n  \tbackground-color: #ffffff;\n}\n.about-section::before {\n  background-image: url(https:\/\/canhurda.com.tr\/wp-content\/uploads\/2020\/06\/abbg.png);\n}\n\n\n<\/style>\n\n\t\t\t<!-- Start of about section\n============================================= -->\n<section id=\"about\" class=\"about-section second\">\n  <div class=\"container\">\n    <div class=\"about-content\">\n      <div class=\"row\">\n        <div class=\"col-lg-6 col-md-12\">\n          <div class=\"about-text\">\n            <div class=\"section-title-left\">\n              <span class=\"title-tag\"><img decoding=\"async\" src=\"\/wp-content\/themes\/eltron\/assets\/icon\/icon5.svg\" alt=\"\">Mersin Hurdac\u0131lar Sitesi - Hurda Al\u00fcminyum Al\u0131m\u0131<\/span>\n              <h2>Hurda Al\u00fcminyum Al\u0131m\u0131<\/h2>\n            <\/div>\n            <!-- title -->\n            <div class=\"about-content pera-content\">\n              <div class=\"about-text1\">\n                <p>\n\n\nAl\u00fcminyum, hafif, dayan\u0131kl\u0131, i\u015flenebilir ve \u00e7evre dostu bir malzemedir. Al\u00fcminyum geri d\u00f6n\u00fc\u015f\u00fcm\u00fc, do\u011fal kaynaklar\u0131n korunmas\u0131na katk\u0131 sa\u011flar ve \u00e7evre kirlili\u011fini \u00f6nler. Al\u00fcminyum hurdas\u0131, geri d\u00f6n\u00fc\u015ft\u00fcr\u00fclerek yeni \u00fcr\u00fcnlere d\u00f6n\u00fc\u015ft\u00fcr\u00fclebilir. Mersin' de Hurda al\u00fcminyum al\u0131m\u0131 hizmeti sunarak, do\u011fal kaynaklar\u0131n korunmas\u0131na katk\u0131da bulunuyoruz.\n\nMersin Hurda al\u00fcminyum al\u0131m\u0131 hizmetimiz, m\u00fc\u015fteri memnuniyeti odakl\u0131 \u00e7al\u0131\u015farak, m\u00fc\u015fterilerimizin beklentilerini kar\u015f\u0131lamay\u0131 hedeflemektedir. \u0130\u015fletmemiz, hurda al\u00fcminyum fiyatlar\u0131 konusunda adil ve uygun bir politika izlemektedir.\n\nMersin ve Tarsus b\u00f6lgesinde Hurda al\u00fcminyum al\u0131m\u0131 yapmak isteyen m\u00fc\u015fterilerimiz, i\u015fletmemizle ileti\u015fime ge\u00e7erek, fiyat teklifi alabilirler. Hurda al\u00fcminyumunuzun miktar\u0131na ve kalitesine ba\u011fl\u0131 olarak, size en uygun fiyat\u0131 sunaca\u011f\u0131m\u0131zdan emin olabilirsiniz. Ayr\u0131ca, hurdan\u0131z\u0131n nakliyesi konusunda da yard\u0131mc\u0131 olabiliriz.\n\n\n\t\t\t\t\t\t\t\t\t<\/p>\n\n\t\t\t\t\t\t\t\t\t<p>\n\t\t\t\t\t\t\t\t\t\tMersin'de Hurda al\u00fcminyum al\u0131m\u0131 yaparken, \u00e7evre ve insan sa\u011fl\u0131\u011f\u0131na zarar vermeden \u00e7al\u0131\u015fmay\u0131 hedefliyoruz. T\u00fcm i\u015flemlerimiz, \u00e7evre d\u00fczenlemeleri ve i\u015f sa\u011fl\u0131\u011f\u0131 ve g\u00fcvenli\u011fi kurallar\u0131na uygun olarak ger\u00e7ekle\u015ftirilmektedir.\n\nHurda al\u00fcminyum geri d\u00f6n\u00fc\u015f\u00fcm\u00fc, do\u011fal kaynaklar\u0131n korunmas\u0131na katk\u0131 sa\u011flamak i\u00e7in \u00f6nemlidir. Hurda al\u00fcminyumunuzun geri d\u00f6n\u00fc\u015ft\u00fcr\u00fclmesi, enerji tasarrufu sa\u011flar ve \u00e7evre kirlili\u011fini \u00f6nler. \u0130\u015fletmemiz, hurda al\u00fcminyum geri d\u00f6n\u00fc\u015f\u00fcm\u00fc i\u00e7in \u00f6nemli bir hizmet sunmaktad\u0131r.\n\nHurda al\u00fcminyum al\u0131m\u0131 hizmetimizden yararlanmak isteyen m\u00fc\u015fterilerimiz, web sitemizdeki ileti\u015fim bilgilerini kullanarak bizimle ileti\u015fime ge\u00e7ebilirler. \u0130\u015fletmemiz, sizlere en iyi hizmeti sunmak i\u00e7in her zaman haz\u0131rd\u0131r.\n\t\t\t\t\t\t\t\t\t<\/p>\n              <\/div>\n                            <div class=\"about-counter\">\n                \n              <\/div>\n                                        <\/div>\n          <\/div>\n        <\/div>\n        <div class=\"col-lg-6 col-md-12\">\n           <img decoding=\"async\" class=\"small1\" src=\"https:\/\/canhurda.com.tr\/wp-content\/uploads\/2023\/03\/mersin-hurda-aluminyum-fiyati.jpg\" alt=\"\">\n        <\/div>\n      <\/div>\n    <\/div>\n  <\/div>\n<\/section>\n<!-- End of about section\n============================================= -->\n\t\t\t<!-- end About Us 2 Section -->\t\t<\/div>\n\t\t\t\t<\/div>\n\t\t\t\t\t<\/div>\n\t\t<\/div>\n\t\t\t\t\t\t\t<\/div>\n\t\t<\/section>\n\t\t\t\t<section class=\"elementor-section elementor-top-section elementor-element elementor-element-3dd2b596 elementor-section-full_width elementor-section-height-default elementor-section-height-default\" data-id=\"3dd2b596\" data-element_type=\"section\">\n\t\t\t\t\t\t<div class=\"elementor-container elementor-column-gap-no\">\n\t\t\t\t\t<div class=\"elementor-column elementor-col-100 elementor-top-column elementor-element elementor-element-7a473d69\" data-id=\"7a473d69\" data-element_type=\"column\">\n\t\t\t<div class=\"elementor-widget-wrap elementor-element-populated\">\n\t\t\t\t\t\t\t\t<div class=\"elementor-element elementor-element-7d015e82 elementor-widget elementor-widget-ucaddon_featuressection\" data-id=\"7d015e82\" data-element_type=\"widget\" data-widget_type=\"ucaddon_featuressection.default\">\n\t\t\t\t<div class=\"elementor-widget-container\">\n\t\t\t<!-- start Features Section -->\n\t\t\t<style type=\"text\/css\">\/* widget: Features Section *\/\n\n.features-section {\n  background-color: rgba(0, 113, 179, 0.95);\n}\n\n<\/style>\n\n\t\t\t<!-- Start of Features section -->\n\t<section id=\"features\" class=\"features-section position-relative\" data-background=\"https:\/\/canhurda.com.tr\/wp-content\/uploads\/2020\/05\/ft-bg.jpg\">\n\t\t<div class=\"background_overlay\"><\/div>\n\t\t<div class=\"container\">\n\t\t\t<div class=\"section-title-middle text-center\">\n\t\t\t\t<span class=\"title-tag\">\n\t\t\t\t\t<img decoding=\"async\" src=\"https:\/\/canhurda.com.tr\/wp-content\/uploads\/2020\/05\/globe-icon.png\"  alt=\"\">\n\t\t\t\t\tMersin Hurda Firmas\u0131 - Can Hurda\n\t\t\t\t<\/span>\n\t\t\t\t<h2>Hurda Hizmetlerimiz<\/h2>\n\t\t\t<\/div>\n\t\t\t<!-- \/title -->\n\t\t\t<div class=\"features-content\">\n\t\t\t\t<div class=\"row\">\n\t\t\t\t\t<div class=\"col-lg-4 col-md-6\">\n\t<div class=\"features-icon-text text-center position-relative\">\n\t\t<div class=\"features-icon\">\n\t\t\t<img decoding=\"async\" src=\"https:\/\/canhurda.com.tr\/wp-content\/uploads\/2020\/05\/energy-icon-normal.png\"  alt=\"\">\n\t\t<\/div>\n\t\t<div class=\"features-text headline pera-content\">\n\t\t\t<h3>Hurda Al\u0131m\u0131<\/h3>\n\t\t\t<p>Demir, Bak\u0131r, Aluminyum Hurda Al\u0131m\u0131<\/p>\n\t\t<\/div>\n\t\t<div class=\"features-hover-content\">\n\t\t\t<div class=\"fh-icon-bg\">\n\t\t\t\t<img decoding=\"async\" src=\"https:\/\/canhurda.com.tr\/wp-content\/uploads\/2020\/05\/energy-icon-hover.png\"  alt=\"\">\n\t\t\t<\/div>\n\t\t\t<div class=\"features-hover-text headline pera-content\">\n\t\t\t\t<h3>Hurda Al\u0131m\u0131<\/h3>\n\t\t\t\t<p><\/p>\n              \t\t\t<\/div>\n\t\t<\/div>\n\t<\/div>\n<\/div>\n<div class=\"col-lg-4 col-md-6\">\n\t<div class=\"features-icon-text text-center position-relative\">\n\t\t<div class=\"features-icon\">\n\t\t\t<img decoding=\"async\" src=\"https:\/\/canhurda.com.tr\/wp-content\/uploads\/2020\/05\/car-icon-normal.png\"  alt=\"\">\n\t\t<\/div>\n\t\t<div class=\"features-text headline pera-content\">\n\t\t\t<h3>Hurda Ta\u015f\u0131ma Hizmeti<\/h3>\n\t\t\t<p>Hurdalar\u0131n\u0131z\u0131 diledi\u011finiz konumdan al\u0131yoruz.<\/p>\n\t\t<\/div>\n\t\t<div class=\"features-hover-content\">\n\t\t\t<div class=\"fh-icon-bg\">\n\t\t\t\t<img decoding=\"async\" src=\"https:\/\/canhurda.com.tr\/wp-content\/uploads\/2020\/05\/car-icon-hover.png\"  alt=\"\">\n\t\t\t<\/div>\n\t\t\t<div class=\"features-hover-text headline pera-content\">\n\t\t\t\t<h3>Hurda Ta\u015f\u0131ma Hizmeti<\/h3>\n\t\t\t\t<p><\/p>\n              \t\t\t<\/div>\n\t\t<\/div>\n\t<\/div>\n<\/div>\n<div class=\"col-lg-4 col-md-6\">\n\t<div class=\"features-icon-text text-center position-relative\">\n\t\t<div class=\"features-icon\">\n\t\t\t<img decoding=\"async\" src=\"https:\/\/canhurda.com.tr\/wp-content\/uploads\/2020\/05\/renewable-icon-normal.png\"  alt=\"\">\n\t\t<\/div>\n\t\t<div class=\"features-text headline pera-content\">\n\t\t\t<h3>Hurda Geri D\u00f6n\u00fc\u015f\u00fcm<\/h3>\n\t\t\t<p>Do\u011faya katk\u0131da bulunuyoruz<\/p>\n\t\t<\/div>\n\t\t<div class=\"features-hover-content\">\n\t\t\t<div class=\"fh-icon-bg\">\n\t\t\t\t<img decoding=\"async\" src=\"https:\/\/canhurda.com.tr\/wp-content\/uploads\/2020\/05\/renewable-icon-hover.png\"  alt=\"\">\n\t\t\t<\/div>\n\t\t\t<div class=\"features-hover-text headline pera-content\">\n\t\t\t\t<h3>Hurda Geri D\u00f6n\u00fc\u015f\u00fcm<\/h3>\n\t\t\t\t<p><\/p>\n              \t\t\t<\/div>\n\t\t<\/div>\n\t<\/div>\n<\/div>\n\n\t\t\t\t<\/div>\n\t\t\t<\/div>\n\t\t<\/div>\n\t<\/section>\n<!-- End of Features section -->\n\t\t\t<!-- end Features Section -->\t\t<\/div>\n\t\t\t\t<\/div>\n\t\t\t\t\t<\/div>\n\t\t<\/div>\n\t\t\t\t\t\t\t<\/div>\n\t\t<\/section>\n\t\t\t\t\t\t\t<\/div>\n\t\t","protected":false},"excerpt":{"rendered":"<p>Who We Are Use Natural Resources Integrated Services And Solutions For Industry At dolore magna aliqua enim veniam quis nostrud minim exercitation ulamco aliquip exa commodo consequat duis aute irure dolor reprehen derit voluptate cillum dole afugiat nula pariatur vitae. Sagittis dia facilisis convalis dictumst sed ipsum tempore. Excepteur sint occaecat aidata non proident qu&hellip;<\/p>\n","protected":false},"author":1,"featured_media":0,"parent":0,"menu_order":0,"comment_status":"closed","ping_status":"closed","template":"elementor_header_footer","meta":{"_joinchat":[],"footnotes":""},"class_list":["post-2581","page","type-page","status-publish","hentry"],"aioseo_notices":[],"_links":{"self":[{"href":"https:\/\/canhurda.com.tr\/index.php\/wp-json\/wp\/v2\/pages\/2581","targetHints":{"allow":["GET"]}}],"collection":[{"href":"https:\/\/canhurda.com.tr\/index.php\/wp-json\/wp\/v2\/pages"}],"about":[{"href":"https:\/\/canhurda.com.tr\/index.php\/wp-json\/wp\/v2\/types\/page"}],"author":[{"embeddable":true,"href":"https:\/\/canhurda.com.tr\/index.php\/wp-json\/wp\/v2\/users\/1"}],"replies":[{"embeddable":true,"href":"https:\/\/canhurda.com.tr\/index.php\/wp-json\/wp\/v2\/comments?post=2581"}],"version-history":[{"count":5,"href":"https:\/\/canhurda.com.tr\/index.php\/wp-json\/wp\/v2\/pages\/2581\/revisions"}],"predecessor-version":[{"id":2589,"href":"https:\/\/canhurda.com.tr\/index.php\/wp-json\/wp\/v2\/pages\/2581\/revisions\/2589"}],"wp:attachment":[{"href":"https:\/\/canhurda.com.tr\/index.php\/wp-json\/wp\/v2\/media?parent=2581"}],"curies":[{"name":"wp","href":"https:\/\/api.w.org\/{rel}","templated":true}]}}