{"id":2575,"date":"2023-03-09T14:26:30","date_gmt":"2023-03-09T11:26:30","guid":{"rendered":"https:\/\/canhurda.com.tr\/?page_id=2575"},"modified":"2023-03-09T14:30:09","modified_gmt":"2023-03-09T11:30:09","slug":"mersin-hurda-demir-alimi","status":"publish","type":"page","link":"https:\/\/canhurda.com.tr\/index.php\/mersin-hurda-demir-alimi\/","title":{"rendered":"Hurda Demir Al\u0131m\u0131"},"content":{"rendered":"\t\t<div data-elementor-type=\"wp-page\" data-elementor-id=\"2575\" class=\"elementor elementor-2575\">\n\t\t\t\t\t\t\t\t\t<section class=\"elementor-section elementor-top-section elementor-element elementor-element-225d7fba elementor-section-full_width elementor-hidden-desktop elementor-hidden-tablet elementor-hidden-phone elementor-section-height-default elementor-section-height-default\" data-id=\"225d7fba\" data-element_type=\"section\">\n\t\t\t\t\t\t<div class=\"elementor-container elementor-column-gap-no\">\n\t\t\t\t\t<div class=\"elementor-column elementor-col-100 elementor-top-column elementor-element elementor-element-3c0e03c3\" data-id=\"3c0e03c3\" data-element_type=\"column\">\n\t\t\t<div class=\"elementor-widget-wrap elementor-element-populated\">\n\t\t\t\t\t\t\t\t<div class=\"elementor-element elementor-element-f691b18 elementor-widget elementor-widget-ucaddon_aboutussection\" data-id=\"f691b18\" data-element_type=\"widget\" data-widget_type=\"ucaddon_aboutussection.default\">\n\t\t\t\t<div class=\"elementor-widget-container\">\n\t\t\t<!-- start About Us Section -->\n\t\t\t<style type=\"text\/css\">\/* widget: About Us Section *\/\n\n.about-section {\n  \tbackground-color: #FFFFFF;\n}\n.about-section::before {\n  background-image: url(https:\/\/canhurda.com.tr\/wp-content\/plugins\/unlimited-elements-for-elementor\/images\/placeholder.png);\n}\n\n\n<\/style>\n\n\t\t\t<!-- Start of about section\n============================================= -->\n<section id=\"about\" class=\"about-section\">\n  <div class=\"container\">\n    <div class=\"about-content\">\n      <div class=\"row\">\n        <div class=\"col-lg-6 col-md-12\">\n          <div class=\"about-text\">\n            <div class=\"section-title-left\">\n              <span class=\"title-tag\"><img decoding=\"async\" src=\"\/wp-content\/themes\/eltron\/assets\/icon\/icon5.svg\" alt=\"\">Who We Are<\/span>\n              <h2>Use Natural Resources Integrated Services And Solutions For Industry<\/h2>\n            <\/div>\n            <!-- title -->\n            <div class=\"about-content pera-content\">\n              <div class=\"about-text1\">\n                <p>\n\t\t\t\t\t\t\t\t\t\tAt dolore magna aliqua enim veniam quis nostrud minim exercitation\n\t\t\t\t\t\t\t\t\t\tulamco aliquip exa commodo consequat duis aute irure dolor reprehen derit voluptate cillum dole afugiat nula pariatur vitae.\n\t\t\t\t\t\t\t\t\t<\/p>\n\n\t\t\t\t\t\t\t\t\t<p>\n\t\t\t\t\t\t\t\t\t\tSagittis dia facilisis convalis dictumst sed ipsum tempore. Excepteur sint occaecat aidata non proident qu officia deserunt mollit anim. Sagittis dia facilisis convalis dictumst sed ipsum tempore.\n\t\t\t\t\t\t\t\t\t<\/p>\n              <\/div>\n                                          <div class=\"about-btn text-uppercase\">\n                <a class=\"video_box\" href=\"Https:\/\/www.youtube.com\/watch?v=xKxrkht7CpY\">\n                  <i class='fas fa-play-circle'><\/i>\n                  <span>How we generate energy<\/span>\n                <\/a>\n              <\/div>\n                          <\/div>\n          <\/div>\n        <\/div>\n        <div class=\"col-lg-6 col-md-12\">\n          <div class=\"about-img clearfix\">\n            <div class=\"abt-img-set\" >\n              <img decoding=\"async\" class=\"small1\" src=\"https:\/\/canhurda.com.tr\/wp-content\/uploads\/2020\/08\/ab1.jpg\" alt=\"\">\n            <\/div>\n            <div class=\"abt-img-set\" >\n              <img decoding=\"async\" class=\"small2\" src=\"https:\/\/canhurda.com.tr\/wp-content\/uploads\/2020\/07\/586163548-Image-of-the-renewable-energy.jpg\" alt=\"\">\n            <\/div>\n            <div class=\"abt-img-set\" >\n              <img decoding=\"async\" class=\"small3\" src=\"https:\/\/canhurda.com.tr\/wp-content\/uploads\/2020\/07\/energy2-1.jpg\" alt=\"\">\n            <\/div>\n          <\/div>\n        <\/div>\n      <\/div>\n    <\/div>\n  <\/div>\n<\/section>\n<!-- End of about section\n============================================= -->\n\t\t\t<!-- end About Us Section -->\t\t<\/div>\n\t\t\t\t<\/div>\n\t\t\t\t\t<\/div>\n\t\t<\/div>\n\t\t\t\t\t\t\t<\/div>\n\t\t<\/section>\n\t\t\t\t<section class=\"elementor-section elementor-top-section elementor-element elementor-element-3a0c9933 elementor-section-full_width elementor-section-height-default elementor-section-height-default\" data-id=\"3a0c9933\" data-element_type=\"section\">\n\t\t\t\t\t\t<div class=\"elementor-container elementor-column-gap-no\">\n\t\t\t\t\t<div class=\"elementor-column elementor-col-100 elementor-top-column elementor-element elementor-element-5351b012\" data-id=\"5351b012\" data-element_type=\"column\">\n\t\t\t<div class=\"elementor-widget-wrap elementor-element-populated\">\n\t\t\t\t\t\t\t\t<div class=\"elementor-element elementor-element-49b1fa elementor-widget elementor-widget-ucaddon_aboutussection2\" data-id=\"49b1fa\" data-element_type=\"widget\" data-widget_type=\"ucaddon_aboutussection2.default\">\n\t\t\t\t<div class=\"elementor-widget-container\">\n\t\t\t<!-- start About Us 2 Section -->\n\t\t\t<style type=\"text\/css\">\/* widget: About Us 2 Section *\/\n\n.about-section {\n  \tbackground-color: #ffffff;\n}\n.about-section::before {\n  background-image: url(https:\/\/canhurda.com.tr\/wp-content\/uploads\/2020\/06\/abbg.png);\n}\n\n\n<\/style>\n\n\t\t\t<!-- Start of about section\n============================================= -->\n<section id=\"about\" class=\"about-section second\">\n  <div class=\"container\">\n    <div class=\"about-content\">\n      <div class=\"row\">\n        <div class=\"col-lg-6 col-md-12\">\n          <div class=\"about-text\">\n            <div class=\"section-title-left\">\n              <span class=\"title-tag\"><img decoding=\"async\" src=\"\/wp-content\/themes\/eltron\/assets\/icon\/icon5.svg\" alt=\"\">Mersin ve Tarsus B\u00f6lgelerinde Demir Hurda Al\u0131m\u0131<\/span>\n              <h2>Mersin Hurda Demir Al\u0131m<\/h2>\n            <\/div>\n            <!-- title -->\n            <div class=\"about-content pera-content\">\n              <div class=\"about-text1\">\n                <p>\nDemir hurda, \u00e7evre dostu bir geri d\u00f6n\u00fc\u015f\u00fcm malzemesidir. Demir hurda geri d\u00f6n\u00fc\u015ft\u00fcr\u00fclerek yeni \u00fcr\u00fcnlere d\u00f6n\u00fc\u015ft\u00fcr\u00fclebilir ve bu \u015fekilde do\u011fal kaynaklar tasarruf edilebilir. Mersin ve Tarsus b\u00f6lgelerinde, demir hurda al\u0131m\u0131 yapan bir \u015firket olarak, \u00e7evrenin korunmas\u0131na katk\u0131da bulunmak istiyoruz.\n\nMersin ve Tarsus b\u00f6lgelerindeki i\u015fletmemiz, demir hurda al\u0131m\u0131 yapmaktad\u0131r. Demir hurdan\u0131z\u0131, yerinde de\u011ferlendirerek en uygun fiyat\u0131 teklif ediyoruz. \u0130\u015fletmemiz, m\u00fc\u015fteri memnuniyeti odakl\u0131 \u00e7al\u0131\u015farak, m\u00fc\u015fterilerimizin beklentilerini kar\u015f\u0131lamak i\u00e7in \u00e7aba g\u00f6stermektedir.\n\n\t\t\t\t\t\t\t\t\t<\/p>\n\n\t\t\t\t\t\t\t\t\t<p>\n\t\t\t\t\t\t\t\t\t\t\nDemir hurda al\u0131m\u0131 yapmak isteyen m\u00fc\u015fterilerimiz, i\u015fletmemizle ileti\u015fime ge\u00e7erek, fiyat teklifi alabilirler. Demir hurdan\u0131z\u0131n miktar\u0131na ve kalitesine ba\u011fl\u0131 olarak, size en uygun fiyat\u0131 sunaca\u011f\u0131m\u0131zdan emin olabilirsiniz. Ayr\u0131ca, hurdan\u0131z\u0131n nakliyesi konusunda da yard\u0131mc\u0131 olabiliriz.\n\nDemir hurda al\u0131m\u0131 yaparken, \u00e7evre ve insan sa\u011fl\u0131\u011f\u0131na zarar vermeden \u00e7al\u0131\u015fmay\u0131 hedefliyoruz. T\u00fcm i\u015flemlerimiz, \u00e7evre d\u00fczenlemeleri ve i\u015f sa\u011fl\u0131\u011f\u0131 ve g\u00fcvenli\u011fi kurallar\u0131na uygun olarak ger\u00e7ekle\u015ftirilmektedir.\n\nMersin ve Tarsus b\u00f6lgelerindeki demir hurda al\u0131m\u0131 hizmetimizden yararlanmak isteyen m\u00fc\u015fterilerimiz, web sitemizdeki ileti\u015fim bilgilerini kullanarak bizimle ileti\u015fime ge\u00e7ebilirler. \u0130\u015fletmemiz, sizlere en iyi hizmeti sunmak i\u00e7in her zaman haz\u0131rd\u0131r.\n\t\t\t\t\t\t\t\t\t<\/p>\n              <\/div>\n                            <div class=\"about-counter\">\n                \n              <\/div>\n                                        <\/div>\n          <\/div>\n        <\/div>\n        <div class=\"col-lg-6 col-md-12\">\n           <img decoding=\"async\" class=\"small1\" src=\"https:\/\/canhurda.com.tr\/wp-content\/uploads\/2023\/03\/mersin-hurda-fiyatlari.jpg\" alt=\"\">\n        <\/div>\n      <\/div>\n    <\/div>\n  <\/div>\n<\/section>\n<!-- End of about section\n============================================= -->\n\t\t\t<!-- end About Us 2 Section -->\t\t<\/div>\n\t\t\t\t<\/div>\n\t\t\t\t\t<\/div>\n\t\t<\/div>\n\t\t\t\t\t\t\t<\/div>\n\t\t<\/section>\n\t\t\t\t<section class=\"elementor-section elementor-top-section elementor-element elementor-element-142b3f5f elementor-section-full_width elementor-section-height-default elementor-section-height-default\" data-id=\"142b3f5f\" data-element_type=\"section\">\n\t\t\t\t\t\t<div class=\"elementor-container elementor-column-gap-no\">\n\t\t\t\t\t<div class=\"elementor-column elementor-col-100 elementor-top-column elementor-element elementor-element-3be03232\" data-id=\"3be03232\" data-element_type=\"column\">\n\t\t\t<div class=\"elementor-widget-wrap elementor-element-populated\">\n\t\t\t\t\t\t\t\t<div class=\"elementor-element elementor-element-688eafe9 elementor-widget elementor-widget-ucaddon_featuressection\" data-id=\"688eafe9\" data-element_type=\"widget\" data-widget_type=\"ucaddon_featuressection.default\">\n\t\t\t\t<div class=\"elementor-widget-container\">\n\t\t\t<!-- start Features Section -->\n\t\t\t<style type=\"text\/css\">\/* widget: Features Section *\/\n\n.features-section {\n  background-color: rgba(0, 113, 179, 0.95);\n}\n\n<\/style>\n\n\t\t\t<!-- Start of Features section -->\n\t<section id=\"features\" class=\"features-section position-relative\" data-background=\"https:\/\/canhurda.com.tr\/wp-content\/uploads\/2020\/05\/ft-bg.jpg\">\n\t\t<div class=\"background_overlay\"><\/div>\n\t\t<div class=\"container\">\n\t\t\t<div class=\"section-title-middle text-center\">\n\t\t\t\t<span class=\"title-tag\">\n\t\t\t\t\t<img decoding=\"async\" src=\"https:\/\/canhurda.com.tr\/wp-content\/uploads\/2020\/05\/globe-icon.png\"  alt=\"\">\n\t\t\t\t\tMersin Hurda Firmas\u0131 - Can Hurda\n\t\t\t\t<\/span>\n\t\t\t\t<h2>Hurda Hizmetlerimiz<\/h2>\n\t\t\t<\/div>\n\t\t\t<!-- \/title -->\n\t\t\t<div class=\"features-content\">\n\t\t\t\t<div class=\"row\">\n\t\t\t\t\t<div class=\"col-lg-4 col-md-6\">\n\t<div class=\"features-icon-text text-center position-relative\">\n\t\t<div class=\"features-icon\">\n\t\t\t<img decoding=\"async\" src=\"https:\/\/canhurda.com.tr\/wp-content\/uploads\/2020\/05\/energy-icon-normal.png\"  alt=\"\">\n\t\t<\/div>\n\t\t<div class=\"features-text headline pera-content\">\n\t\t\t<h3>Hurda Al\u0131m\u0131<\/h3>\n\t\t\t<p>Demir, Bak\u0131r, Aluminyum Hurda Al\u0131m\u0131<\/p>\n\t\t<\/div>\n\t\t<div class=\"features-hover-content\">\n\t\t\t<div class=\"fh-icon-bg\">\n\t\t\t\t<img decoding=\"async\" src=\"https:\/\/canhurda.com.tr\/wp-content\/uploads\/2020\/05\/energy-icon-hover.png\"  alt=\"\">\n\t\t\t<\/div>\n\t\t\t<div class=\"features-hover-text headline pera-content\">\n\t\t\t\t<h3>Hurda Al\u0131m\u0131<\/h3>\n\t\t\t\t<p><\/p>\n              \t\t\t<\/div>\n\t\t<\/div>\n\t<\/div>\n<\/div>\n<div class=\"col-lg-4 col-md-6\">\n\t<div class=\"features-icon-text text-center position-relative\">\n\t\t<div class=\"features-icon\">\n\t\t\t<img decoding=\"async\" src=\"https:\/\/canhurda.com.tr\/wp-content\/uploads\/2020\/05\/car-icon-normal.png\"  alt=\"\">\n\t\t<\/div>\n\t\t<div class=\"features-text headline pera-content\">\n\t\t\t<h3>Hurda Ta\u015f\u0131ma Hizmeti<\/h3>\n\t\t\t<p>Hurdalar\u0131n\u0131z\u0131 diledi\u011finiz konumdan al\u0131yoruz.<\/p>\n\t\t<\/div>\n\t\t<div class=\"features-hover-content\">\n\t\t\t<div class=\"fh-icon-bg\">\n\t\t\t\t<img decoding=\"async\" src=\"https:\/\/canhurda.com.tr\/wp-content\/uploads\/2020\/05\/car-icon-hover.png\"  alt=\"\">\n\t\t\t<\/div>\n\t\t\t<div class=\"features-hover-text headline pera-content\">\n\t\t\t\t<h3>Hurda Ta\u015f\u0131ma Hizmeti<\/h3>\n\t\t\t\t<p><\/p>\n              \t\t\t<\/div>\n\t\t<\/div>\n\t<\/div>\n<\/div>\n<div class=\"col-lg-4 col-md-6\">\n\t<div class=\"features-icon-text text-center position-relative\">\n\t\t<div class=\"features-icon\">\n\t\t\t<img decoding=\"async\" src=\"https:\/\/canhurda.com.tr\/wp-content\/uploads\/2020\/05\/renewable-icon-normal.png\"  alt=\"\">\n\t\t<\/div>\n\t\t<div class=\"features-text headline pera-content\">\n\t\t\t<h3>Hurda Geri D\u00f6n\u00fc\u015f\u00fcm<\/h3>\n\t\t\t<p>Do\u011faya katk\u0131da bulunuyoruz<\/p>\n\t\t<\/div>\n\t\t<div class=\"features-hover-content\">\n\t\t\t<div class=\"fh-icon-bg\">\n\t\t\t\t<img decoding=\"async\" src=\"https:\/\/canhurda.com.tr\/wp-content\/uploads\/2020\/05\/renewable-icon-hover.png\"  alt=\"\">\n\t\t\t<\/div>\n\t\t\t<div class=\"features-hover-text headline pera-content\">\n\t\t\t\t<h3>Hurda Geri D\u00f6n\u00fc\u015f\u00fcm<\/h3>\n\t\t\t\t<p><\/p>\n              \t\t\t<\/div>\n\t\t<\/div>\n\t<\/div>\n<\/div>\n\n\t\t\t\t<\/div>\n\t\t\t<\/div>\n\t\t<\/div>\n\t<\/section>\n<!-- End of Features section -->\n\t\t\t<!-- end Features Section -->\t\t<\/div>\n\t\t\t\t<\/div>\n\t\t\t\t\t<\/div>\n\t\t<\/div>\n\t\t\t\t\t\t\t<\/div>\n\t\t<\/section>\n\t\t\t\t\t\t\t<\/div>\n\t\t","protected":false},"excerpt":{"rendered":"<p>Who We Are Use Natural Resources Integrated Services And Solutions For Industry At dolore magna aliqua enim veniam quis nostrud minim exercitation ulamco aliquip exa commodo consequat duis aute irure dolor reprehen derit voluptate cillum dole afugiat nula pariatur vitae. Sagittis dia facilisis convalis dictumst sed ipsum tempore. Excepteur sint occaecat aidata non proident qu&hellip;<\/p>\n","protected":false},"author":1,"featured_media":0,"parent":0,"menu_order":0,"comment_status":"closed","ping_status":"closed","template":"elementor_header_footer","meta":{"_joinchat":[],"footnotes":""},"class_list":["post-2575","page","type-page","status-publish","hentry"],"aioseo_notices":[],"_links":{"self":[{"href":"https:\/\/canhurda.com.tr\/index.php\/wp-json\/wp\/v2\/pages\/2575","targetHints":{"allow":["GET"]}}],"collection":[{"href":"https:\/\/canhurda.com.tr\/index.php\/wp-json\/wp\/v2\/pages"}],"about":[{"href":"https:\/\/canhurda.com.tr\/index.php\/wp-json\/wp\/v2\/types\/page"}],"author":[{"embeddable":true,"href":"https:\/\/canhurda.com.tr\/index.php\/wp-json\/wp\/v2\/users\/1"}],"replies":[{"embeddable":true,"href":"https:\/\/canhurda.com.tr\/index.php\/wp-json\/wp\/v2\/comments?post=2575"}],"version-history":[{"count":4,"href":"https:\/\/canhurda.com.tr\/index.php\/wp-json\/wp\/v2\/pages\/2575\/revisions"}],"predecessor-version":[{"id":2579,"href":"https:\/\/canhurda.com.tr\/index.php\/wp-json\/wp\/v2\/pages\/2575\/revisions\/2579"}],"wp:attachment":[{"href":"https:\/\/canhurda.com.tr\/index.php\/wp-json\/wp\/v2\/media?parent=2575"}],"curies":[{"name":"wp","href":"https:\/\/api.w.org\/{rel}","templated":true}]}}