{"id":2049,"date":"2023-03-29T01:46:19","date_gmt":"2023-03-28T22:46:19","guid":{"rendered":"https:\/\/eltron.bolvo.com\/demo2\/?page_id=2049"},"modified":"2023-03-30T10:15:18","modified_gmt":"2023-03-30T07:15:18","slug":"mersin-hurda-iletisim","status":"publish","type":"page","link":"https:\/\/canhurda.com.tr\/index.php\/mersin-hurda-iletisim\/","title":{"rendered":"Hurda \u0130leti\u015fim"},"content":{"rendered":"\t\t<div data-elementor-type=\"wp-page\" data-elementor-id=\"2049\" class=\"elementor elementor-2049\">\n\t\t\t\t\t\t\t\t\t<section class=\"elementor-section elementor-top-section elementor-element elementor-element-a23874c elementor-section-full_width elementor-section-height-default elementor-section-height-default\" data-id=\"a23874c\" data-element_type=\"section\">\n\t\t\t\t\t\t<div class=\"elementor-container elementor-column-gap-no\">\n\t\t\t\t\t<div class=\"elementor-column elementor-col-100 elementor-top-column elementor-element elementor-element-4ffeaf7\" data-id=\"4ffeaf7\" data-element_type=\"column\">\n\t\t\t<div class=\"elementor-widget-wrap elementor-element-populated\">\n\t\t\t\t\t\t\t\t<div class=\"elementor-element elementor-element-c6a42a5 elementor-widget elementor-widget-html\" data-id=\"c6a42a5\" data-element_type=\"widget\" data-widget_type=\"html.default\">\n\t\t\t\t<div class=\"elementor-widget-container\">\n\t\t\t<iframe src=\"https:\/\/www.google.com\/maps\/embed?pb=!1m18!1m12!1m3!1d3193.556042465642!2d34.68212131495671!3d36.82915707376938!2m3!1f0!2f0!3f0!3m2!1i1024!2i768!4f13.1!3m3!1m2!1s0x1527ef5d0f798f63%3A0x49aa9e779fcc6b5d!2sCan%20Hurda%20-%20Mersin%20Hurdac%C4%B1!5e0!3m2!1str!2str!4v1679047506669!5m2!1str!2str\" width=\"600\" height=\"450\" style=\"border:0;\" allowfullscreen=\"\" loading=\"lazy\" referrerpolicy=\"no-referrer-when-downgrade\"><\/iframe>\t\t<\/div>\n\t\t\t\t<\/div>\n\t\t\t\t\t<\/div>\n\t\t<\/div>\n\t\t\t\t\t\t\t<\/div>\n\t\t<\/section>\n\t\t\t\t<section class=\"elementor-section elementor-top-section elementor-element elementor-element-bb53463 elementor-section-full_width elementor-section-height-default elementor-section-height-default\" data-id=\"bb53463\" data-element_type=\"section\" data-settings=\"{&quot;background_background&quot;:&quot;classic&quot;}\">\n\t\t\t\t\t\t\t<div class=\"elementor-background-overlay\"><\/div>\n\t\t\t\t\t\t\t<div class=\"elementor-container elementor-column-gap-no\">\n\t\t\t\t\t<div class=\"elementor-column elementor-col-100 elementor-top-column elementor-element elementor-element-8b843db\" data-id=\"8b843db\" data-element_type=\"column\">\n\t\t\t<div class=\"elementor-widget-wrap elementor-element-populated\">\n\t\t\t\t\t\t\t\t<div class=\"elementor-element elementor-element-3a9e281 elementor-widget elementor-widget-ucaddon_contactsection\" data-id=\"3a9e281\" data-element_type=\"widget\" data-widget_type=\"ucaddon_contactsection.default\">\n\t\t\t\t<div class=\"elementor-widget-container\">\n\t\t\t<!-- start Contact Section -->\n\n\t\t\t<!-- Start of Contact content -->\n\t<section id=\"contact-page-area\" class=\"contact-page-section\">\n\t\t<div class=\"container\">\n\t\t\t<div class=\"row\">\n\t\t\t\t<div class=\"col-lg-6 col-md-12\">\n\t\t\t\t\t<div class=\"contact-form-text headline pera-content\">\n\t\t\t\t\t\t<h3>Mersin Hurdac\u0131 - Can Hurda <\/h3>\n\t\t\t\t\t\t<p>Mersin hurdac\u0131 firmas\u0131<\/p>\n\t\t\t\t\t\t<div class=\"el-contact-info\">\n\t\t\t\t\t\t\t<div class=\"contact-address\">\n\t<div class=\"contact-icon\">\n            <i class=\"icon-pin\"><\/i>\n      \t<\/div>\n\t<div class=\"contact-text pera-content headline\">\n\t\t<h4>Adres<\/h4>\n\t\t<p>Karaduvar, Cumhuriyet Blv., 33180 Akdeniz\/Mersin<\/p>\n\t<\/div>\n<\/div>\n<div class=\"contact-address\">\n\t<div class=\"contact-icon\">\n            <i class='far fa-clock'><\/i>\n      \t<\/div>\n\t<div class=\"contact-text pera-content headline\">\n\t\t<h4>Mesai Saatleri<\/h4>\n\t\t<p>Pazartesi - Cumartesi 08.00 - 21.00\nPazar: 10.00 - 18.00<\/p>\n\t<\/div>\n<\/div>\n<div class=\"contact-address\">\n\t<div class=\"contact-icon\">\n            <i class=\"icon-call-in\"><\/i>\n      \t<\/div>\n\t<div class=\"contact-text pera-content headline\">\n\t\t<h4>\u0130leti\u015fim<\/h4>\n\t\t<p><STRONG><a href=\"tel:05324212085\">05324212085<\/a><\/STRONG>\n<\/p>\n\t<\/div>\n<\/div>\n\n\t\t\t\t\t\t<\/div>\n\t\t\t\t\t<\/div>\n\t\t\t\t<\/div>\n              \t\t\t\t\t<div class=\"col-lg-6 col-md-12\">\n\t\t\t\t\t<div class=\"el-contact-form headline\">\n\t\t\t\t\t\t<h3>Bize Mesaj G\u00f6nderin<\/h3>\n\t\t\t\t\t\t<div class=\"contact-form-area\">\n\t\t\t\t\t\t\t\n<div class=\"wpcf7 no-js\" id=\"wpcf7-f2058-o1\" lang=\"en-US\" dir=\"ltr\">\n<div class=\"screen-reader-response\"><p role=\"status\" aria-live=\"polite\" aria-atomic=\"true\"><\/p> <ul><\/ul><\/div>\n<form action=\"\/index.php\/wp-json\/wp\/v2\/pages\/2049#wpcf7-f2058-o1\" method=\"post\" class=\"wpcf7-form init\" aria-label=\"Contact form\" novalidate=\"novalidate\" data-status=\"init\">\n<div style=\"display: none;\">\n<input type=\"hidden\" name=\"_wpcf7\" value=\"2058\" \/>\n<input type=\"hidden\" name=\"_wpcf7_version\" value=\"5.7.4\" \/>\n<input type=\"hidden\" name=\"_wpcf7_locale\" value=\"en_US\" \/>\n<input type=\"hidden\" name=\"_wpcf7_unit_tag\" value=\"wpcf7-f2058-o1\" \/>\n<input type=\"hidden\" name=\"_wpcf7_container_post\" value=\"0\" \/>\n<input type=\"hidden\" name=\"_wpcf7_posted_data_hash\" value=\"\" \/>\n<\/div>\n<p><span class=\"wpcf7-form-control-wrap\" data-name=\"your-name\"><input size=\"40\" class=\"wpcf7-form-control wpcf7-text wpcf7-validates-as-required\" aria-required=\"true\" aria-invalid=\"false\" placeholder=\"Full Name\" value=\"\" type=\"text\" name=\"your-name\" \/><\/span><span class=\"wpcf7-form-control-wrap\" data-name=\"your-email\"><input size=\"40\" class=\"wpcf7-form-control wpcf7-text wpcf7-email wpcf7-validates-as-required wpcf7-validates-as-email\" aria-required=\"true\" aria-invalid=\"false\" placeholder=\"Email\" value=\"\" type=\"email\" name=\"your-email\" \/><\/span><span class=\"wpcf7-form-control-wrap\" data-name=\"your-subject\"><input size=\"40\" class=\"wpcf7-form-control wpcf7-text\" aria-invalid=\"false\" placeholder=\"Subject\" value=\"\" type=\"text\" name=\"your-subject\" \/><\/span><span class=\"wpcf7-form-control-wrap\" data-name=\"your-message\"><textarea cols=\"40\" rows=\"10\" class=\"wpcf7-form-control wpcf7-textarea\" aria-invalid=\"false\" placeholder=\"Comments*\" name=\"your-message\"><\/textarea><\/span><input class=\"wpcf7-form-control has-spinner wpcf7-submit\" type=\"submit\" value=\"Send Message\" \/>\n<\/p><div class=\"wpcf7-response-output\" aria-hidden=\"true\"><\/div>\n<\/form>\n<\/div>\n\n\t\t\t\t\t\t<\/div>\n\t\t\t\t\t<\/div>\n\t\t\t\t<\/div>\n              \t\t\t\t<\/div>\n\t\t<\/div>\n\t<\/section>\n<!-- End of Contact content -->\n\t\t\t<!-- end Contact Section -->\t\t<\/div>\n\t\t\t\t<\/div>\n\t\t\t\t\t<\/div>\n\t\t<\/div>\n\t\t\t\t\t\t\t<\/div>\n\t\t<\/section>\n\t\t\t\t\t\t\t<\/div>\n\t\t","protected":false},"excerpt":{"rendered":"<p>Mersin Hurdac\u0131 &#8211; Can Hurda Mersin hurdac\u0131 firmas\u0131 Adres Karaduvar, Cumhuriyet Blv., 33180 Akdeniz\/Mersin Mesai Saatleri Pazartesi &#8211; Cumartesi 08.00 &#8211; 21.00 Pazar: 10.00 &#8211; 18.00 \u0130leti\u015fim 05324212085 Bize Mesaj G\u00f6nderin<\/p>\n","protected":false},"author":1,"featured_media":0,"parent":0,"menu_order":0,"comment_status":"closed","ping_status":"closed","template":"elementor_header_footer","meta":{"_joinchat":[],"footnotes":""},"class_list":["post-2049","page","type-page","status-publish","hentry"],"aioseo_notices":[],"_links":{"self":[{"href":"https:\/\/canhurda.com.tr\/index.php\/wp-json\/wp\/v2\/pages\/2049","targetHints":{"allow":["GET"]}}],"collection":[{"href":"https:\/\/canhurda.com.tr\/index.php\/wp-json\/wp\/v2\/pages"}],"about":[{"href":"https:\/\/canhurda.com.tr\/index.php\/wp-json\/wp\/v2\/types\/page"}],"author":[{"embeddable":true,"href":"https:\/\/canhurda.com.tr\/index.php\/wp-json\/wp\/v2\/users\/1"}],"replies":[{"embeddable":true,"href":"https:\/\/canhurda.com.tr\/index.php\/wp-json\/wp\/v2\/comments?post=2049"}],"version-history":[{"count":6,"href":"https:\/\/canhurda.com.tr\/index.php\/wp-json\/wp\/v2\/pages\/2049\/revisions"}],"predecessor-version":[{"id":2618,"href":"https:\/\/canhurda.com.tr\/index.php\/wp-json\/wp\/v2\/pages\/2049\/revisions\/2618"}],"wp:attachment":[{"href":"https:\/\/canhurda.com.tr\/index.php\/wp-json\/wp\/v2\/media?parent=2049"}],"curies":[{"name":"wp","href":"https:\/\/api.w.org\/{rel}","templated":true}]}}